{"id":9254,"date":"2015-05-08T14:13:20","date_gmt":"2015-05-08T12:13:20","guid":{"rendered":"https:\/\/stage.lortz-mfk.de\/en\/?page_id=9254"},"modified":"2024-05-21T09:42:05","modified_gmt":"2024-05-21T07:42:05","slug":"ausbildung-bei-lortz-mfk","status":"publish","type":"page","link":"https:\/\/lortz-mfk.de\/en\/vorausdenker-willkommen\/ausbildung-bei-lortz-mfk\/","title":{"rendered":"Ausbildung bei Lortz MFK"},"content":{"rendered":"<div class=\"wpb-content-wrapper\"><p>[vc_row full_width=&#8221;&#8221; parallax=&#8221;&#8221; parallax_image=&#8221;&#8221; type=&#8221;&#8221; background_color=&#8221;&#8221; row_head_color=&#8221;&#8221; row_text_color=&#8221;&#8221; row_link_color=&#8221;&#8221; row_link_color_hover=&#8221;&#8221; bg_position=&#8221;top&#8221; bg_repeat=&#8221;no-repeat&#8221; same_height=&#8221;&#8221; bg_cover=&#8221;&#8221; padding_top=&#8221;10&#8243; padding_bottom=&#8221;10&#8243; margin_top=&#8221;0&#8243; margin_bottom_row=&#8221;0&#8243; animation=&#8221;&#8221; enable_parallax=&#8221;&#8221; parallax_speed=&#8221;0.1&#8243; bg_video_src_mp4=&#8221;&#8221; bg_video_src_ogv=&#8221;&#8221; bg_video_src_webm=&#8221;&#8221;][vc_column width=&#8221;1\/1&#8243; animation=&#8221;&#8221; column_align=&#8221;&#8221; column_style=&#8221;&#8221;]<div class=\"ww-gap gap\" style=\"line-height: 20px; height: 20px;\"><\/div>[\/vc_column][\/vc_row][vc_row full_width=&#8221;&#8221; parallax=&#8221;&#8221; parallax_image=&#8221;&#8221; type=&#8221;&#8221; background_color=&#8221;&#8221; row_head_color=&#8221;&#8221; row_text_color=&#8221;&#8221; row_link_color=&#8221;&#8221; row_link_color_hover=&#8221;&#8221; bg_position=&#8221;top&#8221; bg_repeat=&#8221;no-repeat&#8221; same_height=&#8221;&#8221; bg_cover=&#8221;&#8221; padding_top=&#8221;10&#8243; padding_bottom=&#8221;10&#8243; margin_top=&#8221;0&#8243; margin_bottom_row=&#8221;0&#8243; animation=&#8221;&#8221; enable_parallax=&#8221;&#8221; parallax_speed=&#8221;0.1&#8243; bg_video_src_mp4=&#8221;&#8221; bg_video_src_ogv=&#8221;&#8221; bg_video_src_webm=&#8221;&#8221;][vc_column width=&#8221;2\/3&#8243; animation=&#8221;&#8221; column_align=&#8221;&#8221; column_style=&#8221;&#8221;]<div class=\"ww-gap gap\" style=\"line-height: 7px; height: 7px;\"><\/div>[vc_column_text]<\/p>\n<h3><span style=\"color: #c92218;\">Ausbildung bei LORTZ MFK ist Zukunftssicherung!<strong><br \/>\n<\/strong><\/span><\/h3>\n<p><span style=\"color: #333333;\"><br \/>\nSowohl f\u00fcr die jungen Azubis als auch f\u00fcr uns als Unternehmen. Daher legen wir gr\u00f6\u00dften Wert auf eine fundierte Ausbildung in unserem Unternehmen.<\/span><\/p>\n<p><span style=\"color: #333333;\"><strong>Unser Ziel:<\/strong> Die langfristige Zusammenarbeit mit unseren Auszubildenden und sp\u00e4teren Facharbeitern. So st\u00e4rken wir unser Team von innen heraus.<\/span><\/p>\n<p><span style=\"color: #333333;\">Derzeit lernen insgesamt 7 Azubis (6 Zerspanungsmechaniker und 1 B\u00fcrokauffrau) ihren Beruf bei LORTZ MFK. Weitere Auszubildende starten im Herbst ihre berufliche Laufbahn bei uns.<\/span>[\/vc_column_text][\/vc_column][vc_column width=&#8221;1\/3&#8243; animation=&#8221;&#8221; column_align=&#8221;&#8221; column_style=&#8221;&#8221;][vc_single_image image=&#8221;9115&#8243; alignment=&#8221;right&#8221; border_color=&#8221;grey&#8221; img_link_large=&#8221;&#8221; img_link_target=&#8221;_self&#8221; img_border=&#8221;none-border&#8221; img_size=&#8221;400px&#8221; style=&#8221;vc_box_rounded&#8221;][\/vc_column][\/vc_row][vc_row full_width=&#8221;&#8221; parallax=&#8221;&#8221; parallax_image=&#8221;&#8221; type=&#8221;&#8221; background_color=&#8221;&#8221; row_head_color=&#8221;&#8221; row_text_color=&#8221;&#8221; row_link_color=&#8221;&#8221; row_link_color_hover=&#8221;&#8221; bg_position=&#8221;top&#8221; bg_repeat=&#8221;no-repeat&#8221; same_height=&#8221;&#8221; bg_cover=&#8221;&#8221; padding_top=&#8221;10&#8243; padding_bottom=&#8221;10&#8243; margin_top=&#8221;0&#8243; margin_bottom_row=&#8221;0&#8243; animation=&#8221;&#8221; enable_parallax=&#8221;&#8221; parallax_speed=&#8221;0.1&#8243; bg_video_src_mp4=&#8221;&#8221; bg_video_src_ogv=&#8221;&#8221; bg_video_src_webm=&#8221;&#8221; el_id=&#8221;&#8221;][vc_column width=&#8221;1\/1&#8243; animation=&#8221;&#8221; column_align=&#8221;&#8221; column_style=&#8221;&#8221;]<div class=\"ww-gap gap\" style=\"line-height: 25px; height: 25px;\"><\/div>[\/vc_column][\/vc_row][vc_row full_width=&#8221;&#8221; parallax=&#8221;content-moving&#8221; type=&#8221;ww-header-transparent&#8221; row_head_color=&#8221;#c92218&#8243; row_text_color=&#8221;#020202&#8243; bg_position=&#8221;top&#8221; bg_repeat=&#8221;no-repeat&#8221; same_height=&#8221;&#8221; padding_top=&#8221;10&#8243; padding_bottom=&#8221;10&#8243; margin_top=&#8221;0&#8243; margin_bottom_row=&#8221;0&#8243; enable_parallax=&#8221;&#8221; parallax_speed=&#8221;0.1&#8243;][vc_column width=&#8221;1\/1&#8243; column_style=&#8221;welcome&#8221; animation=&#8221;bottom-to-top&#8221;][vc_row_inner same_height=&#8221;&#8221;][vc_column_inner el_class=&#8221;&#8221; width=&#8221;2\/3&#8243; column_align=&#8221;&#8221; column_style=&#8221;&#8221;][vc_custom_heading text=&#8221;Wir bilden Vorausdenker aus!&#8221; font_container=&#8221;tag:h3|text_align:left|color:%23c92218&#8243; google_fonts=&#8221;font_family:Arimo%3Aregular%2Citalic%2C700%2C700italic|font_style:400%20regular%3A400%3Anormal&#8221;][vc_empty_space height=&#8221;20&#8243;][vc_column_text]<span style=\"color: #333333;\">\u00bb Zerspanungsmechaniker\/-innen <\/span><\/p>\n<p><span style=\"color: #333333;\">\u00bb Kauffrau\/mann f\u00fcr B\u00fcromanagement<br \/>\n<\/span>[\/vc_column_text][vc_empty_space height=&#8221;20&#8243;][vc_column_text]<strong><span style=\"color: #333333;\">Bewerben Sie sich jetzt f\u00fcr den n\u00e4chsten Ausbildungsstart!<\/span><\/strong><br \/>\nFrau Christina Lortz informiert Sie gern.[\/vc_column_text][\/vc_column_inner][vc_column_inner el_class=&#8221;&#8221; width=&#8221;1\/3&#8243; column_align=&#8221;&#8221; column_style=&#8221;&#8221;][vc_custom_heading text=&#8221;Jetzt bewerben!&#8221; font_container=&#8221;tag:h3|text_align:left|color:%23c92218&#8243; google_fonts=&#8221;font_family:Arimo%3Aregular%2Citalic%2C700%2C700italic|font_style:400%20regular%3A400%3Anormal&#8221;][vc_column_text]<img loading=\"lazy\" decoding=\"async\" class=\" wp-image-8604 alignright\" src=\"https:\/\/lortz-mfk.de\/wp-content\/uploads\/2015\/05\/4-150x150.png\" alt=\"4\" width=\"130\" height=\"130\" \/>LORTZ MFK<br \/>\n<span class=\"ff2 fc0 fs10 \">z. Hd. Frau C. Lortz<\/span><br \/>\nTrunstadter Hauptstra\u00dfe 71<br \/>\n96191 Viereth-Trunstadt<\/p>\n<p><strong>oder per E-Mail: <\/strong>bewerbung@lortz-mfk.de[\/vc_column_text][\/vc_column_inner][\/vc_row_inner][\/vc_column][\/vc_row][vc_row full_width=&#8221;&#8221; parallax=&#8221;&#8221; parallax_image=&#8221;&#8221; type=&#8221;&#8221; background_color=&#8221;&#8221; row_head_color=&#8221;&#8221; row_text_color=&#8221;&#8221; row_link_color=&#8221;&#8221; row_link_color_hover=&#8221;&#8221; bg_position=&#8221;top&#8221; bg_repeat=&#8221;no-repeat&#8221; same_height=&#8221;&#8221; bg_cover=&#8221;&#8221; padding_top=&#8221;10&#8243; padding_bottom=&#8221;10&#8243; margin_top=&#8221;0&#8243; margin_bottom_row=&#8221;0&#8243; animation=&#8221;&#8221; enable_parallax=&#8221;&#8221; parallax_speed=&#8221;0.1&#8243; bg_video_src_mp4=&#8221;&#8221; bg_video_src_ogv=&#8221;&#8221; bg_video_src_webm=&#8221;&#8221;][vc_column width=&#8221;1\/1&#8243; animation=&#8221;&#8221; column_align=&#8221;&#8221; column_style=&#8221;&#8221;]<div class=\"ww-gap gap\" style=\"line-height: 25px; height: 25px;\"><\/div>[\/vc_column][\/vc_row]<\/p>\n<\/div>","protected":false},"excerpt":{"rendered":"<p>[vc_row full_width=&#8221;&#8221; parallax=&#8221;&#8221; parallax_image=&#8221;&#8221; type=&#8221;&#8221; background_color=&#8221;&#8221; row_head_color=&#8221;&#8221; row_text_color=&#8221;&#8221; row_link_color=&#8221;&#8221; row_link_color_hover=&#8221;&#8221; bg_position=&#8221;top&#8221; bg_repeat=&#8221;no-repeat&#8221; same_height=&#8221;&#8221; bg_cover=&#8221;&#8221; padding_top=&#8221;10&#8243; padding_bottom=&#8221;10&#8243; margin_top=&#8221;0&#8243; margin_bottom_row=&#8221;0&#8243; animation=&#8221;&#8221; enable_parallax=&#8221;&#8221; parallax_speed=&#8221;0.1&#8243; bg_video_src_mp4=&#8221;&#8221; bg_video_src_ogv=&#8221;&#8221; bg_video_src_webm=&#8221;&#8221;][vc_column width=&#8221;1\/1&#8243; animation=&#8221;&#8221; column_align=&#8221;&#8221; column_style=&#8221;&#8221;][\/vc_column][\/vc_row][vc_row full_width=&#8221;&#8221; parallax=&#8221;&#8221; parallax_image=&#8221;&#8221; type=&#8221;&#8221; background_color=&#8221;&#8221; row_head_color=&#8221;&#8221; row_text_color=&#8221;&#8221; row_link_color=&#8221;&#8221; row_link_color_hover=&#8221;&#8221; bg_position=&#8221;top&#8221; bg_repeat=&#8221;no-repeat&#8221; same_height=&#8221;&#8221; bg_cover=&#8221;&#8221; padding_top=&#8221;10&#8243; padding_bottom=&#8221;10&#8243; margin_top=&#8221;0&#8243; margin_bottom_row=&#8221;0&#8243; animation=&#8221;&#8221; enable_parallax=&#8221;&#8221; parallax_speed=&#8221;0.1&#8243; bg_video_src_mp4=&#8221;&#8221; bg_video_src_ogv=&#8221;&#8221; bg_video_src_webm=&#8221;&#8221;][vc_column width=&#8221;2\/3&#8243; animation=&#8221;&#8221; column_align=&#8221;&#8221; column_style=&#8221;&#8221;][vc_column_text] [&hellip;]<\/p>\n","protected":false},"author":2,"featured_media":0,"parent":9252,"menu_order":0,"comment_status":"open","ping_status":"open","template":"","meta":{"footnotes":""},"class_list":["post-9254","page","type-page","status-publish","hentry"],"_links":{"self":[{"href":"https:\/\/lortz-mfk.de\/en\/wp-json\/wp\/v2\/pages\/9254","targetHints":{"allow":["GET"]}}],"collection":[{"href":"https:\/\/lortz-mfk.de\/en\/wp-json\/wp\/v2\/pages"}],"about":[{"href":"https:\/\/lortz-mfk.de\/en\/wp-json\/wp\/v2\/types\/page"}],"author":[{"embeddable":true,"href":"https:\/\/lortz-mfk.de\/en\/wp-json\/wp\/v2\/users\/2"}],"replies":[{"embeddable":true,"href":"https:\/\/lortz-mfk.de\/en\/wp-json\/wp\/v2\/comments?post=9254"}],"version-history":[{"count":0,"href":"https:\/\/lortz-mfk.de\/en\/wp-json\/wp\/v2\/pages\/9254\/revisions"}],"up":[{"embeddable":true,"href":"https:\/\/lortz-mfk.de\/en\/wp-json\/wp\/v2\/pages\/9252"}],"wp:attachment":[{"href":"https:\/\/lortz-mfk.de\/en\/wp-json\/wp\/v2\/media?parent=9254"}],"curies":[{"name":"wp","href":"https:\/\/api.w.org\/{rel}","templated":true}]}}