{"id":10388,"date":"2025-07-09T14:12:13","date_gmt":"2025-07-09T12:12:13","guid":{"rendered":"https:\/\/stage.lortz-mfk.de\/en\/?page_id=10388"},"modified":"2025-07-09T14:21:22","modified_gmt":"2025-07-09T12:21:22","slug":"informationspflichten-social-media","status":"publish","type":"page","link":"https:\/\/lortz-mfk.de\/en\/informationspflichten-social-media\/","title":{"rendered":"Informationspflichten Social Media"},"content":{"rendered":"<p><strong>Datenschutzhinweise Social Media<\/strong><\/p>\n<p><strong>Information \u00fcber die Erhebung personenbezogener Daten<\/strong><\/p>\n<p>Im Folgenden informieren wir Sie \u00fcber den Umgang mit Ihren personenbezogenen Daten im Zusammenhang mit unseren Social-Media-Seiten. Hierbei sind personenbezogene Daten alle Daten, mit denen Sie pers\u00f6nlich identifiziert werden k\u00f6nnen.<\/p>\n<p>&nbsp;<\/p>\n<p>Bitte pr\u00fcfen Sie sorgf\u00e4ltig, welche personenbezogenen Daten Sie mit uns \u00fcber eine der Plattformen teilen. Solange Sie in Ihrem jeweiligen Account eingeloggt sind, eine der Plattformen besuchen, kann der Betreiber der Plattform dies ihrem Profil zuordnen. Wir weisen ausdr\u00fccklich darauf hin, dass der jeweilige Anbieter die Daten seiner Nutzer (z.B. pers\u00f6nliche Informationen, IP-Adresse etc.) speichert und diese ggf. auch f\u00fcr gesch\u00e4ftliche Zwecke nutzt.<\/p>\n<p>&nbsp;<\/p>\n<p>Auf die Datenerhebung und die weitere Verarbeitung der Plattformen haben wir keinen Einfluss. Ferner ist f\u00fcr uns nicht erkennbar, in welchem Umfang, an welchem Ort und f\u00fcr welche Dauer die Daten gespeichert werden, inwieweit der jeweilige Anbieter den L\u00f6schpflichten nachkommt, welche Auswertungen und Verkn\u00fcpfungen mit den Daten vorgenommen werden und an wen die Daten weitergegeben werden.<\/p>\n<p>&nbsp;<\/p>\n<p>Es findet ggf.\u00a0 eine Daten\u00fcbermittlung an ein Drittland oder eine internationale Organisation statt. Seit Juli 2023 existiert ein Angemessenheitsbeschluss der EU-Kommission (Data Privacy Framework), welches die USA als ein Drittland mit einem der EU vergleichbaren Datenschutzniveau ausweist. Der Angemessenheitsbeschluss kann nunmehr als Grundlage f\u00fcr Daten\u00fcbermittlungen an zertifizierte Organisationen in den USA dienen. Die hier aufgef\u00fchrten Anbieter haben die Zertifizierung im Rahmen des Data Privacy Framework.<\/p>\n<p>&nbsp;<\/p>\n<p>&nbsp;<\/p>\n<p><strong>Verantwortlicher<\/strong> f\u00fcr die Datenverarbeitung im Sinne der Datenschutz-Grundverordnung (DSGVO)<\/p>\n<p>LORTZ MFK GmbH &amp; Co. KG<\/p>\n<p>Trunstadter Hauptstra\u00dfe 71<\/p>\n<p>96191 Viereth-Trunstadt<\/p>\n<p>Deutschland<\/p>\n<p>&nbsp;<\/p>\n<p>soweit wir die uns von Ihnen \u00fcber unsere Social-Media-Kan\u00e4le \u00fcbermittelten Daten ausschlie\u00dflich selbst verarbeiten.<\/p>\n<p>&nbsp;<\/p>\n<p><strong>Datenschutzbeauftragter <\/strong><\/p>\n<p>Datenschutzkanzlei Lenz GmbH &amp; Co. KG<\/p>\n<p>Sven Lenz<\/p>\n<p>Bahnhofstra\u00dfe 50, D-87435 Kempten<\/p>\n<p>Telefon: +49 831 930653-00<\/p>\n<p><strong>\u00a0<\/strong><\/p>\n<p><strong>\u00a0<\/strong><\/p>\n<p><strong>Facebook (Meta)<\/strong><\/p>\n<p>Soweit die uns von Ihnen \u00fcber Facebook (Meta) \u00fcbermittelten Daten auch oder ausschlie\u00dflich von Facebook (Meta) verarbeitet werden (Insights-Daten), ist neben uns auch die Facebook (Meta) Ireland Ltd., 4 Grand Canal Square, Grand Canal Harbour, Dublin 2 Ireland, Verantwortlicher f\u00fcr die Datenverarbeitung im Sinne der Datenschutz-Grundverordnung (DSGVO). Die Datenverarbeitung erfolgt insoweit auf Grundlage einer Vereinbarung zwischen gemeinsam Verantwortlichen gem\u00e4\u00df Art. 26 DSGVO.<\/p>\n<p>&nbsp;<\/p>\n<p>Ferner gilt f\u00fcr die Nutzung bestimmter Facebook (Meta)-Produkte, etwa die sog. &#8220;Facebook (Meta)-Business-Tools&#8221;, und f\u00fcr hierdurch vollzogene Datenverarbeitungen eine Zusatzvereinbarung zwischen uns und der Facebook (Meta) Ireland Ltd. als gemeinsamen Verantwortlichen gem\u00e4\u00df Art. 26 DSGVO.<\/p>\n<p>&nbsp;<\/p>\n<p>Der f\u00fcr die Verarbeitung von personenbezogenen Daten Verantwortliche ist diejenige nat\u00fcrliche oder juristische Person, die allein oder gemeinsam mit anderen \u00fcber die Zwecke und Mittel der Verarbeitung von personenbezogenen Daten entscheidet.<\/p>\n<p>&nbsp;<\/p>\n<p>N\u00e4here Informationen zur Datenverarbeitung von Facebook (Meta) finden Sie in der Datenschutzrichtlinie von Facebook (Meta).<\/p>\n<p>&nbsp;<\/p>\n<p>Den Datenschutzbeauftragten von Facebook (Meta) \u00a0k\u00f6nnen Sie \u00fcber das von Facebook (Meta) bereitgestellte Online-Kontaktformular kontaktieren.<\/p>\n<p><strong>\u00a0<\/strong><\/p>\n<p><u>Seiten-Insights<\/u><\/p>\n<p>Facebook (Meta) stellt uns f\u00fcr unsere Facebook (Meta)-Seite sog. Seiten-Insights zur Verf\u00fcgung: https:\/\/www.Facebook (Meta).com\/business\/a\/page\/page-insights. Hierbei handelt es sich um zusammengefasste Daten, durch die wir Aufschluss dar\u00fcber erlangen k\u00f6nnen, wie Personen mit unserer Seite interagieren. Seiten-Insights k\u00f6nnen auf personenbezogenen Daten basieren, die im Zusammenhang mit einem Besuch oder einer Interaktion von Personen auf bzw. mit unserer Seite und ihren Inhalten erfasst werden. Dies dient gem. Art. 6 Abs. 1 lit. f DSGVO der Wahrung unserer im Rahmen einer Interessenabw\u00e4gung \u00fcberwiegenden berechtigten Interessen an einer optimierten Darstellung unseres Angebots und effektiver Kommunikation mit den Kunden und Interessenten. Sie k\u00f6nnen der Verarbeitung Ihrer Daten zu den vorgenannten Zwecken jederzeit widersprechen, indem Sie Ihre Einstellungen f\u00fcr Werbeanzeigen in Ihrem Facebook (Meta)-Nutzerkonto unter https:\/\/www.Facebook (Meta).com\/settings?tab=ads entsprechend \u00e4ndern.<\/p>\n<p>&nbsp;<\/p>\n<p>&nbsp;<\/p>\n<p>&nbsp;<\/p>\n<p><strong>\u00a0<\/strong><\/p>\n<p><strong>\u00a0<\/strong><\/p>\n<p><strong>YouTube<\/strong><\/p>\n<p>Soweit die uns von Ihnen \u00fcber YouTube \u00fcbermittelten Daten auch oder ausschlie\u00dflich von YouTube verarbeitet werden, ist neben uns auch die Google Ireland Limited, Gordon House, 4 Barrow St, Dublin, D04 E5W5, Irland, Verantwortlicher f\u00fcr die Datenverarbeitung im Sinne der Datenschutz-Grundverordnung (DSGVO).<\/p>\n<p>&nbsp;<\/p>\n<p>N\u00e4here Informationen zur Datenverarbeitung der Google Ireland Limited finden Sie in der Datenschutzerkl\u00e4rung der Google Ireland Limited unter: <a href=\"https:\/\/policies.google.com\/privacy?hl=de&amp;gl=de\">https:\/\/policies.google.com\/privacy?hl=de&amp;gl=de<\/a>.<\/p>\n<p>&nbsp;<\/p>\n<p>Diese Datenschutzerkl\u00e4rung gilt f\u00fcr alle Dienste, die von der Google Ireland Limited und ihren verbundenen Unternehmen &#8211; einschlie\u00dflich YouTube &#8211; angeboten werden. Im Rahmen der Nutzung von Youtube kann es auch zu einer \u00dcbermittlung von personenbezogenen Daten an die Server der Google LLC. in den USA kommen.<\/p>\n<p>&nbsp;<\/p>\n<p>Der f\u00fcr die Verarbeitung von personenbezogenen Daten Verantwortliche ist diejenige nat\u00fcrliche oder juristische Person, die allein oder gemeinsam mit anderen \u00fcber die Zwecke und Mittel der Verarbeitung von personenbezogenen Daten entscheidet.<\/p>\n<p>&nbsp;<\/p>\n<p>&nbsp;<\/p>\n<p><strong>Datenverarbeitung bei Kontaktaufnahme<\/strong><\/p>\n<p>Wir selbst erheben personenbezogene Daten, wenn Sie Kontakt zu uns aufnehmen (z.B. \u00fcber ein Kontaktformular oder \u00fcber das Liken und Kommentieren unserer Beitr\u00e4ge oder dem Folgen unseres Profils). Welche Daten wir bei Kontaktaufnahme via Kontaktformular erheben, k\u00f6nnen Sie aus dem betreffenden Kontaktformular ersehen. Diese Daten werden ausschlie\u00dflich zum Zweck der Beantwortung Ihres Anliegens bzw. f\u00fcr die Kontaktaufnahme und die damit verbundene technische Administration gespeichert und verwendet. Rechtsgrundlage f\u00fcr die Verarbeitung der Daten ist unser berechtigtes Interesse an der Beantwortung Ihres Anliegens gem\u00e4\u00df Art. 6 Abs. 1 lit. f) DSGVO.<\/p>\n<p>&nbsp;<\/p>\n<p>Zielt Ihre Kontaktaufnahme auf den Abschluss eines Vertrages ab, so ist zus\u00e4tzliche Rechtsgrundlage f\u00fcr die Verarbeitung Art. 6 Abs. 1 lit. b DSGVO. Ihre Daten werden nach abschlie\u00dfender Bearbeitung Ihrer Anfrage gel\u00f6scht, sofern keine gesetzlichen Aufbewahrungspflichten entgegenstehen. Von einer abschlie\u00dfenden Bearbeitung gehen wir aus, wenn sich aus den Umst\u00e4nden entnehmen l\u00e4sst, dass der betreffende Sachverhalt abschlie\u00dfend gekl\u00e4rt ist.<\/p>\n<p>&nbsp;<\/p>\n<p>&nbsp;<\/p>\n<p>&nbsp;<\/p>\n<p>&nbsp;<\/p>\n<p>&nbsp;<\/p>\n<p><strong>Rechte des Betroffenen<\/strong><\/p>\n<p>Das geltende Datenschutzrecht gew\u00e4hrt Ihnen gegen\u00fcber dem Verantwortlichen hinsichtlich der Verarbeitung Ihrer personenbezogenen Daten umfassende Betroffenenrechte (Auskunfts- und Interventionsrechte), \u00fcber die wir Sie nachstehend informieren:<\/p>\n<p>&nbsp;<\/p>\n<p>&#8211; Auskunftsrecht gem\u00e4\u00df Art. 15 DSGVO;<\/p>\n<p>&#8211; Recht auf Berichtigung gem\u00e4\u00df Art. 16 DSGVO;<\/p>\n<p>&#8211; Recht auf L\u00f6schung gem\u00e4\u00df Art. 17 DSGVO;<\/p>\n<p>&#8211; Recht auf Einschr\u00e4nkung der Verarbeitung gem\u00e4\u00df Art. 18 DSGVO;<\/p>\n<p>&#8211; Recht auf Unterrichtung gem\u00e4\u00df Art. 19 DSGVO;<\/p>\n<p>&#8211; Recht auf Daten\u00fcbertragbarkeit gem\u00e4\u00df Art. 20 DSGVO;<\/p>\n<p>&#8211; Recht auf Widerruf erteilter Einwilligungen gem\u00e4\u00df Art. 7 Abs. 3 DSGVO;<\/p>\n<p>&#8211; Recht auf Beschwerde gem\u00e4\u00df Art. 77 DSGVO.<\/p>\n<p>&nbsp;<\/p>\n<p>&nbsp;<\/p>\n<p><strong>Hinweis auf Beschwerderecht bei der Aufsichtsbeh\u00f6rde<\/strong><\/p>\n<p>Sie haben das Recht, sich bei der zust\u00e4ndigen Aufsichtsbeh\u00f6rde f\u00fcr den Datenschutz zu beschweren, wenn Sie der Ansicht sind, dass die Verarbeitung Ihrer personenbezogenen Daten nicht rechtm\u00e4\u00dfig erfolgt.<\/p>\n<p>&nbsp;<\/p>\n<p>Bayerisches Landesamt f\u00fcr Datenschutzaufsicht (BayLDA)<\/p>\n<p>Promenade 27, 91522 Ansbach, Deutschland<\/p>\n<p>Telefon: +49 981 53-1300<\/p>\n<p>Telefax: +49 981 53-981300<\/p>\n<p>&nbsp;<\/p>\n<p>Das Beschwerdeformular k\u00f6nnen Sie \u00fcber folgenden Link \u00f6ffnen: <a href=\"https:\/\/www.lda.bayern.de\/de\/beschwerde.html\">https:\/\/www.lda.bayern.de\/de\/beschwerde.html<\/a><\/p>\n<p>&nbsp;<\/p>\n<p>Hinweis: Eine Beschwerde kann auch an jede Datenschutzaufsichtsbeh\u00f6rde innerhalb der EU gerichtet werden.<\/p>\n<p>&nbsp;<\/p>\n<p>&nbsp;<\/p>\n<p><strong>\u00c4nderung unserer Datenschutzhinweise<\/strong><\/p>\n<p>Wir behalten uns vor, unsere Datenschutzhinweise kurzfristig anzupassen, damit sie stets den aktuellen rechtlichen Anforderungen entsprechen.<\/p>\n","protected":false},"excerpt":{"rendered":"<p>Datenschutzhinweise Social Media Information \u00fcber die Erhebung personenbezogener Daten Im Folgenden informieren wir Sie \u00fcber den Umgang mit Ihren personenbezogenen Daten im Zusammenhang mit unseren Social-Media-Seiten. Hierbei sind personenbezogene Daten alle Daten, mit denen Sie pers\u00f6nlich identifiziert werden k\u00f6nnen. &nbsp; Bitte pr\u00fcfen Sie sorgf\u00e4ltig, welche personenbezogenen Daten Sie mit uns \u00fcber eine der Plattformen teilen. [&hellip;]<\/p>\n","protected":false},"author":4,"featured_media":0,"parent":0,"menu_order":0,"comment_status":"closed","ping_status":"closed","template":"","meta":{"footnotes":""},"class_list":["post-10388","page","type-page","status-publish","hentry"],"_links":{"self":[{"href":"https:\/\/lortz-mfk.de\/en\/wp-json\/wp\/v2\/pages\/10388","targetHints":{"allow":["GET"]}}],"collection":[{"href":"https:\/\/lortz-mfk.de\/en\/wp-json\/wp\/v2\/pages"}],"about":[{"href":"https:\/\/lortz-mfk.de\/en\/wp-json\/wp\/v2\/types\/page"}],"author":[{"embeddable":true,"href":"https:\/\/lortz-mfk.de\/en\/wp-json\/wp\/v2\/users\/4"}],"replies":[{"embeddable":true,"href":"https:\/\/lortz-mfk.de\/en\/wp-json\/wp\/v2\/comments?post=10388"}],"version-history":[{"count":0,"href":"https:\/\/lortz-mfk.de\/en\/wp-json\/wp\/v2\/pages\/10388\/revisions"}],"wp:attachment":[{"href":"https:\/\/lortz-mfk.de\/en\/wp-json\/wp\/v2\/media?parent=10388"}],"curies":[{"name":"wp","href":"https:\/\/api.w.org\/{rel}","templated":true}]}}